{"id":5,"date":"2025-05-20T15:47:09","date_gmt":"2025-05-20T13:47:09","guid":{"rendered":"https:\/\/www.gaping-robots.de\/de\/?page_id=5"},"modified":"2025-05-20T16:01:10","modified_gmt":"2025-05-20T14:01:10","slug":"impressum","status":"publish","type":"page","link":"https:\/\/www.gaping-robots.de\/de\/impressum\/","title":{"rendered":"Impressum"},"content":{"rendered":"<p>Armster &amp; M\u00fcller Gaping Robots GbR<br \/>\nFrankfurter Stra\u00dfe 123b<br \/>\n53773 Hennef (Sieg)<\/p>\n<p><strong>Vertreten durch:<\/strong><br \/>\nCaspar Armster<br \/>\nAndr\u00e9 M\u00fcller<\/p>\n<h2>Kontakt<\/h2>\n<p>Telefon: +49 \/ 2242 \/ 87 48 05<br \/>\nTelefax: +49 \/ 2242 \/ 87 48 07<br \/>\nE-Mail: caspar@armster.de<\/p>\n<h2>Redaktionell verantwortlich<\/h2>\n<p>Caspar Armster<br \/>\nAbtsgartenstra\u00dfe 21a<br \/>\n53773 Hennef (Sieg)<\/p>\n<h2>EU-Streitschlichtung<\/h2>\n<p>Die Europ\u00e4ische Kommission stellt eine Plattform zur Online-Streitbeilegung (OS) bereit: <a href=\"https:\/\/ec.europa.eu\/consumers\/odr\/\" target=\"_blank\" rel=\"noopener noreferrer\">https:\/\/ec.europa.eu\/consumers\/odr\/<\/a>.<br \/>\nUnsere E-Mail-Adresse finden Sie oben im Impressum.<\/p>\n<h2>Verbraucher\u00adstreit\u00adbeilegung\/Universal\u00adschlichtungs\u00adstelle<\/h2>\n<p>Wir sind nicht bereit oder verpflichtet, an Streitbeilegungsverfahren vor einer Verbraucherschlichtungsstelle teilzunehmen.<\/p>\n<p>Quelle: <a href=\"https:\/\/www.e-recht24.de\">e-recht24.de<\/a><\/p>\n","protected":false},"excerpt":{"rendered":"<p>Armster &amp; M\u00fcller Gaping Robots GbR Frankfurter Stra\u00dfe 123b 53773 Hennef (Sieg) Vertreten durch: Caspar Armster Andr\u00e9 M\u00fcller Kontakt Telefon: +49 \/ 2242 \/ 87 48 05 Telefax: +49 \/ 2242 \/ 87 48 07 E-Mail: caspar@armster.de Redaktionell verantwortlich Caspar Armster Abtsgartenstra\u00dfe 21a 53773 Hennef (Sieg) EU-Streitschlichtung Die Europ\u00e4ische Kommission stellt eine Plattform zur Online-Streitbeilegung [&hellip;]<\/p>\n","protected":false},"author":1,"featured_media":0,"parent":0,"menu_order":9,"comment_status":"closed","ping_status":"closed","template":"","meta":{"footnotes":""},"class_list":["post-5","page","type-page","status-publish","hentry"],"_links":{"self":[{"href":"https:\/\/www.gaping-robots.de\/de\/wp-json\/wp\/v2\/pages\/5","targetHints":{"allow":["GET"]}}],"collection":[{"href":"https:\/\/www.gaping-robots.de\/de\/wp-json\/wp\/v2\/pages"}],"about":[{"href":"https:\/\/www.gaping-robots.de\/de\/wp-json\/wp\/v2\/types\/page"}],"author":[{"embeddable":true,"href":"https:\/\/www.gaping-robots.de\/de\/wp-json\/wp\/v2\/users\/1"}],"replies":[{"embeddable":true,"href":"https:\/\/www.gaping-robots.de\/de\/wp-json\/wp\/v2\/comments?post=5"}],"version-history":[{"count":2,"href":"https:\/\/www.gaping-robots.de\/de\/wp-json\/wp\/v2\/pages\/5\/revisions"}],"predecessor-version":[{"id":10,"href":"https:\/\/www.gaping-robots.de\/de\/wp-json\/wp\/v2\/pages\/5\/revisions\/10"}],"wp:attachment":[{"href":"https:\/\/www.gaping-robots.de\/de\/wp-json\/wp\/v2\/media?parent=5"}],"curies":[{"name":"wp","href":"https:\/\/api.w.org\/{rel}","templated":true}]}}